{"id":2,"date":"2017-10-04T04:31:24","date_gmt":"2017-10-04T03:31:24","guid":{"rendered":"https:\/\/bncm.cl\/?page_id=2"},"modified":"2020-11-23T16:13:13","modified_gmt":"2020-11-23T16:13:13","slug":"sample-page","status":"publish","type":"page","link":"https:\/\/bncm.cl\/","title":{"rendered":"Inicio"},"content":{"rendered":"\t\t<div data-elementor-type=\"wp-page\" data-elementor-id=\"2\" class=\"elementor elementor-2 elementor-bc-flex-widget\" data-elementor-settings=\"[]\">\n\t\t\t\t\t\t<div class=\"elementor-inner\">\n\t\t\t\t\t\t\t<div class=\"elementor-section-wrap\">\n\t\t\t\t\t\t\t<section class=\"elementor-section elementor-top-section elementor-element elementor-element-xbime3m elementor-section-boxed elementor-section-height-default elementor-section-height-default\" data-id=\"xbime3m\" data-element_type=\"section\">\n\t\t\t\t\t\t<div class=\"elementor-container elementor-column-gap-default\">\n\t\t\t\t\t\t\t<div class=\"elementor-row\">\n\t\t\t\t\t<div class=\"elementor-column elementor-col-25 elementor-top-column elementor-element elementor-element-fh9zvv6\" data-id=\"fh9zvv6\" data-element_type=\"column\">\n\t\t\t<div class=\"elementor-column-wrap elementor-element-populated\">\n\t\t\t\t\t\t\t<div class=\"elementor-widget-wrap\">\n\t\t\t\t\t\t<div class=\"elementor-element elementor-element-3yqi4rw elementor-position-top elementor-vertical-align-top elementor-widget elementor-widget-image-box\" data-id=\"3yqi4rw\" data-element_type=\"widget\" data-widget_type=\"image-box.default\">\n\t\t\t\t<div class=\"elementor-widget-container\">\n\t\t\t<div class=\"elementor-image-box-wrapper\"><figure class=\"elementor-image-box-img\"><img width=\"1000\" height=\"667\" src=\"https:\/\/bncm.cl\/wp-content\/uploads\/2018\/10\/camara.jpg\" class=\"attachment-full size-full\" alt=\"\" loading=\"lazy\" srcset=\"https:\/\/bncm.cl\/wp-content\/uploads\/2018\/10\/camara.jpg 1000w, https:\/\/bncm.cl\/wp-content\/uploads\/2018\/10\/camara-600x400.jpg 600w, https:\/\/bncm.cl\/wp-content\/uploads\/2018\/10\/camara-300x200.jpg 300w, https:\/\/bncm.cl\/wp-content\/uploads\/2018\/10\/camara-768x512.jpg 768w\" sizes=\"(max-width: 1000px) 100vw, 1000px\" \/><\/figure><div class=\"elementor-image-box-content\"><h3 class=\"elementor-image-box-title\">CCTV<\/h3><p class=\"elementor-image-box-description\">Nuestro servicio de c\u00e1maras de seguridad es de lo mas completo contempla Sistemas an\u00e1logos , C\u00e1maras IP visualizaci\u00f3n de c\u00e1maras por el celular, diferentes tipos de c\u00e1maras acorde a la necesidad y una instalaci\u00f3n de primer nivel <\/p><\/div><\/div>\t\t<\/div>\n\t\t\t\t<\/div>\n\t\t\t\t\t\t<\/div>\n\t\t\t\t\t<\/div>\n\t\t<\/div>\n\t\t\t\t<div class=\"elementor-column elementor-col-25 elementor-top-column elementor-element elementor-element-ga5q7ih\" data-id=\"ga5q7ih\" data-element_type=\"column\">\n\t\t\t<div class=\"elementor-column-wrap elementor-element-populated\">\n\t\t\t\t\t\t\t<div class=\"elementor-widget-wrap\">\n\t\t\t\t\t\t<div class=\"elementor-element elementor-element-3mp8y63 elementor-position-top elementor-vertical-align-top elementor-widget elementor-widget-image-box\" data-id=\"3mp8y63\" data-element_type=\"widget\" data-widget_type=\"image-box.default\">\n\t\t\t\t<div class=\"elementor-widget-container\">\n\t\t\t<div class=\"elementor-image-box-wrapper\"><figure class=\"elementor-image-box-img\"><a href=\"https:\/\/bncm.cl\/servicios\/informatica\"><img width=\"555\" height=\"396\" src=\"https:\/\/bncm.cl\/wp-content\/uploads\/2017\/10\/soporte_remoto-555x396.jpg\" class=\"attachment-full size-full\" alt=\"\" loading=\"lazy\" srcset=\"https:\/\/bncm.cl\/wp-content\/uploads\/2017\/10\/soporte_remoto-555x396.jpg 555w, https:\/\/bncm.cl\/wp-content\/uploads\/2017\/10\/soporte_remoto-555x396-300x214.jpg 300w\" sizes=\"(max-width: 555px) 100vw, 555px\" \/><\/a><\/figure><div class=\"elementor-image-box-content\"><h3 class=\"elementor-image-box-title\"><a href=\"https:\/\/bncm.cl\/servicios\/informatica\">Informatica<\/a><\/h3><p class=\"elementor-image-box-description\">Hoy en d\u00eda, la inform\u00e1tica es una pilar fundamental en el funcionamiento de una empresa, sabemos que esto es muy importante, por lo que tomamos los retos con responsabilidad y con la seriedad que se merece. BNCM posee un equipo integral de t\u00e9cnicos en inform\u00e1tica-soporte, Ingenieros en desarrollo de sistemas e ingenieros en redes, para brindarte el mejor servicio, con pol\u00edticas de calidad y optimizaci\u00f3n de recursos para que nuestros clientes siempre queden con la satisfacci\u00f3n que merecen.<\/p><\/div><\/div>\t\t<\/div>\n\t\t\t\t<\/div>\n\t\t\t\t\t\t<\/div>\n\t\t\t\t\t<\/div>\n\t\t<\/div>\n\t\t\t\t<div class=\"elementor-column elementor-col-25 elementor-top-column elementor-element elementor-element-fw303z9\" data-id=\"fw303z9\" data-element_type=\"column\">\n\t\t\t<div class=\"elementor-column-wrap elementor-element-populated\">\n\t\t\t\t\t\t\t<div class=\"elementor-widget-wrap\">\n\t\t\t\t\t\t<div class=\"elementor-element elementor-element-09uorjo elementor-position-top elementor-vertical-align-top elementor-widget elementor-widget-image-box\" data-id=\"09uorjo\" data-element_type=\"widget\" data-widget_type=\"image-box.default\">\n\t\t\t\t<div class=\"elementor-widget-container\">\n\t\t\t<div class=\"elementor-image-box-wrapper\"><figure class=\"elementor-image-box-img\"><a href=\"https:\/\/bncm.cl\/servicios\/instalaciones-electricas\"><img width=\"1000\" height=\"672\" src=\"https:\/\/bncm.cl\/wp-content\/uploads\/2017\/10\/instalaciones-electricas-ceire-detalle.jpg\" class=\"attachment-full size-full\" alt=\"\" loading=\"lazy\" srcset=\"https:\/\/bncm.cl\/wp-content\/uploads\/2017\/10\/instalaciones-electricas-ceire-detalle.jpg 1000w, https:\/\/bncm.cl\/wp-content\/uploads\/2017\/10\/instalaciones-electricas-ceire-detalle-600x403.jpg 600w, https:\/\/bncm.cl\/wp-content\/uploads\/2017\/10\/instalaciones-electricas-ceire-detalle-300x202.jpg 300w, https:\/\/bncm.cl\/wp-content\/uploads\/2017\/10\/instalaciones-electricas-ceire-detalle-768x516.jpg 768w\" sizes=\"(max-width: 1000px) 100vw, 1000px\" \/><\/a><\/figure><div class=\"elementor-image-box-content\"><h4 class=\"elementor-image-box-title\"><a href=\"https:\/\/bncm.cl\/servicios\/instalaciones-electricas\">Instalaciones El\u00e9ctricas<\/a><\/h4><p class=\"elementor-image-box-description\">Nuestro servicio el\u00e9ctrico cuenta con un grupo de ingenieros y electricistas autorizados por SEC para realizar mantenci\u00f3n, reparaci\u00f3n e instalaci\u00f3n de todo su proyecto. Destaca nuestra eficiencia y calidad t\u00e9cnica, adem\u00e1s del impecable desempe\u00f1o y optimizaci\u00f3n de recursos<\/p><\/div><\/div>\t\t<\/div>\n\t\t\t\t<\/div>\n\t\t\t\t\t\t<\/div>\n\t\t\t\t\t<\/div>\n\t\t<\/div>\n\t\t\t\t<div class=\"elementor-column elementor-col-25 elementor-top-column elementor-element elementor-element-ialol6a\" data-id=\"ialol6a\" data-element_type=\"column\">\n\t\t\t<div class=\"elementor-column-wrap elementor-element-populated\">\n\t\t\t\t\t\t\t<div class=\"elementor-widget-wrap\">\n\t\t\t\t\t\t<div class=\"elementor-element elementor-element-wxkp6dm elementor-position-top elementor-vertical-align-top elementor-widget elementor-widget-image-box\" data-id=\"wxkp6dm\" data-element_type=\"widget\" data-widget_type=\"image-box.default\">\n\t\t\t\t<div class=\"elementor-widget-container\">\n\t\t\t<div class=\"elementor-image-box-wrapper\"><figure class=\"elementor-image-box-img\"><a href=\"https:\/\/bncm.cl\/servicios\/climatizacion\"><img width=\"1200\" height=\"1005\" src=\"https:\/\/bncm.cl\/wp-content\/uploads\/2017\/10\/climati.jpg\" class=\"attachment-full size-full\" alt=\"\" loading=\"lazy\" srcset=\"https:\/\/bncm.cl\/wp-content\/uploads\/2017\/10\/climati.jpg 1200w, https:\/\/bncm.cl\/wp-content\/uploads\/2017\/10\/climati-600x503.jpg 600w, https:\/\/bncm.cl\/wp-content\/uploads\/2017\/10\/climati-300x251.jpg 300w, https:\/\/bncm.cl\/wp-content\/uploads\/2017\/10\/climati-768x643.jpg 768w, https:\/\/bncm.cl\/wp-content\/uploads\/2017\/10\/climati-1024x858.jpg 1024w\" sizes=\"(max-width: 1200px) 100vw, 1200px\" \/><\/a><\/figure><div class=\"elementor-image-box-content\"><h3 class=\"elementor-image-box-title\"><a href=\"https:\/\/bncm.cl\/servicios\/climatizacion\">Climatizacion <\/a><\/h3><p class=\"elementor-image-box-description\">Hoy en d\u00eda las demandas de refrigeraci\u00f3n del pa\u00eds se han vuelto muy exigentes, por lo que cada vez se necesitan m\u00e1s especialistas en el \u00e1rea para dar soluciones desde los problemas cotidianos hasta un nivel empresarial. Seg\u00fan el INE ( instituto nacional de estad\u00edsticas) cerca del 43,6 % de las instituciones y hogares posee al menos un sistema de climatizaci\u00f3n, es por esto que BNCM ha conformado un equipo de profesionales para dar cobertura a la incipiente demanda que existe en la actualidad.<\/p><\/div><\/div>\t\t<\/div>\n\t\t\t\t<\/div>\n\t\t\t\t\t\t<\/div>\n\t\t\t\t\t<\/div>\n\t\t<\/div>\n\t\t\t\t\t\t\t\t<\/div>\n\t\t\t\t\t<\/div>\n\t\t<\/section>\n\t\t\t\t\t\t<\/div>\n\t\t\t\t\t\t<\/div>\n\t\t\t\t\t<\/div>\n\t\t","protected":false},"excerpt":{"rendered":"<p>CCTV Nuestro servicio de c\u00e1maras de seguridad es de lo mas completo contempla Sistemas an\u00e1logos , C\u00e1maras IP visualizaci\u00f3n de c\u00e1maras por el celular, diferentes tipos de c\u00e1maras acorde a la necesidad y una instalaci\u00f3n de primer nivel Informatica Hoy<\/p>\n","protected":false},"author":1,"featured_media":0,"parent":0,"menu_order":0,"comment_status":"closed","ping_status":"open","template":"","meta":[],"uagb_featured_image_src":{"full":false,"thumbnail":false,"medium":false,"medium_large":false,"large":false,"1536x1536":false,"2048x2048":false,"featured-blog-large":false,"featured-blog-medium":false,"featured":false,"featured-blog-medium-small":false},"uagb_author_info":{"display_name":"admin","author_link":"https:\/\/bncm.cl\/?author=1"},"uagb_comment_info":0,"uagb_excerpt":"CCTV Nuestro servicio de c\u00e1maras de seguridad es de lo mas completo contempla Sistemas an\u00e1logos , C\u00e1maras IP visualizaci\u00f3n de c\u00e1maras por el celular, diferentes tipos de c\u00e1maras acorde a la necesidad y una instalaci\u00f3n de primer nivel Informatica Hoy","_links":{"self":[{"href":"https:\/\/bncm.cl\/index.php?rest_route=\/wp\/v2\/pages\/2"}],"collection":[{"href":"https:\/\/bncm.cl\/index.php?rest_route=\/wp\/v2\/pages"}],"about":[{"href":"https:\/\/bncm.cl\/index.php?rest_route=\/wp\/v2\/types\/page"}],"author":[{"embeddable":true,"href":"https:\/\/bncm.cl\/index.php?rest_route=\/wp\/v2\/users\/1"}],"replies":[{"embeddable":true,"href":"https:\/\/bncm.cl\/index.php?rest_route=%2Fwp%2Fv2%2Fcomments&post=2"}],"version-history":[{"count":22,"href":"https:\/\/bncm.cl\/index.php?rest_route=\/wp\/v2\/pages\/2\/revisions"}],"predecessor-version":[{"id":461,"href":"https:\/\/bncm.cl\/index.php?rest_route=\/wp\/v2\/pages\/2\/revisions\/461"}],"wp:attachment":[{"href":"https:\/\/bncm.cl\/index.php?rest_route=%2Fwp%2Fv2%2Fmedia&parent=2"}],"curies":[{"name":"wp","href":"https:\/\/api.w.org\/{rel}","templated":true}]}}